{"id":704,"date":"2021-10-05T09:15:17","date_gmt":"2021-10-05T12:15:17","guid":{"rendered":"https:\/\/www.cmelectronica.com.ar\/noticias\/?post_type=product&#038;p=704"},"modified":"2024-10-02T15:22:36","modified_gmt":"2024-10-02T18:22:36","slug":"controlador-para-calentador-de-punos","status":"publish","type":"product","link":"https:\/\/www.cmelectronica.com.ar\/tienda\/producto\/controlador-para-calentador-de-punos","title":{"rendered":"Controlador para Calentador de Pu\u00f1os"},"content":{"rendered":"<p>5 niveles potencia:<br \/>\nM\u00e1ximo &#8211; indicador siempre encendido<br \/>\nFuerte &#8211; indicador parpadea 3 veces<br \/>\nSuave &#8211; indicador parpadea 2 veces<br \/>\nM\u00ednimo &#8211; indicador parpadea 1 vez<br \/>\nApagado &#8211; ning\u00fan parpadeo<br \/>\nPausa:<br \/>\nEl sistema sigue activo pero sin consumir energ\u00eda (sin calentar)<br \/>\nActivaci\u00f3n:<br \/>\nAutom\u00e1tica con apagado de motor<br \/>\nAl detectar nivel bajo de bater\u00eda<br \/>\nIndicador por led bicolor (amarillo verde)<br \/>\nAmarillo pausa<br \/>\nVerde calentando<br \/>\nTipo de indicador:<br \/>\nM\u00e1ximo &#8211; indicador siempre encendido<br \/>\nFuerte &#8211; indicador parpadea 3 veces<br \/>\nSuave &#8211; indicador parpadea 2 veces<br \/>\nM\u00ednimo &#8211; indicador parpadea 1 vez<br \/>\nApagado &#8211; ning\u00fan parpadeo<br \/>\nProtecci\u00f3n de bater\u00eda y carga.<br \/>\nSistema de encendido:<br \/>\nFreno, al presionar 4 veces consecutivas el freno permite el encendido\/ apagado y potencia<\/p>\n","protected":false},"excerpt":{"rendered":"<p>Este m\u00f3dulo regula la temperatura de los pu\u00f1os; los niveles de temperatura se controlan con la luz de freno. Adem\u00e1s cuenta con detecci\u00f3n de estado de bater\u00eda y marcha de motor permitiendo el apagado autom\u00e1tico, y una memoria que reestablece el sistema al encender el motor. la instalaci\u00f3n es muy sencilla.<\/p>\n","protected":false},"featured_media":705,"comment_status":"open","ping_status":"closed","template":"","meta":[],"product_cat":[26,28],"product_tag":[],"class_list":{"0":"post-704","1":"product","2":"type-product","3":"status-publish","4":"has-post-thumbnail","6":"product_cat-abrigo","7":"product_cat-motocicleta","9":"first","10":"instock","11":"sale","12":"shipping-taxable","13":"purchasable","14":"product-type-simple"},"jetpack_sharing_enabled":true,"_links":{"self":[{"href":"https:\/\/www.cmelectronica.com.ar\/tienda\/wp-json\/wp\/v2\/product\/704"}],"collection":[{"href":"https:\/\/www.cmelectronica.com.ar\/tienda\/wp-json\/wp\/v2\/product"}],"about":[{"href":"https:\/\/www.cmelectronica.com.ar\/tienda\/wp-json\/wp\/v2\/types\/product"}],"replies":[{"embeddable":true,"href":"https:\/\/www.cmelectronica.com.ar\/tienda\/wp-json\/wp\/v2\/comments?post=704"}],"wp:featuredmedia":[{"embeddable":true,"href":"https:\/\/www.cmelectronica.com.ar\/tienda\/wp-json\/wp\/v2\/media\/705"}],"wp:attachment":[{"href":"https:\/\/www.cmelectronica.com.ar\/tienda\/wp-json\/wp\/v2\/media?parent=704"}],"wp:term":[{"taxonomy":"product_cat","embeddable":true,"href":"https:\/\/www.cmelectronica.com.ar\/tienda\/wp-json\/wp\/v2\/product_cat?post=704"},{"taxonomy":"product_tag","embeddable":true,"href":"https:\/\/www.cmelectronica.com.ar\/tienda\/wp-json\/wp\/v2\/product_tag?post=704"}],"curies":[{"name":"wp","href":"https:\/\/api.w.org\/{rel}","templated":true}]}}