{"id":687,"date":"2021-10-04T12:52:27","date_gmt":"2021-10-04T15:52:27","guid":{"rendered":"https:\/\/www.cmelectronica.com.ar\/noticias\/?post_type=product&#038;p=687"},"modified":"2024-05-23T17:53:53","modified_gmt":"2024-05-23T20:53:53","slug":"itc-encendido-electronico","status":"publish","type":"product","link":"https:\/\/www.cmelectronica.com.ar\/tienda\/producto\/itc-encendido-electronico","title":{"rendered":"ITC encendido electr\u00f3nico"},"content":{"rendered":"<p>Desconectar el borne NEGATIVO de la bater\u00eda para evitar cortocircuitos.<br \/>\nAtornillar el encendido Electr\u00f3nico iTC automotores firmemente en un lugar alejado de zonas de calor y vibraciones.<br \/>\nDesconectar el cable que negativo (-) de la bobina &#8220;de chispa&#8221; (este cable conecta con el platino).<br \/>\nConecte el cable AZUL del encendido electronico iTC automotores al cable que desconecto del la &#8220;bobina de chispa&#8221; (este cable conecta con el platino).<br \/>\nConectar el cable blanco del Encendido Electr\u00f3nico iTC automotores al borne NEGATIVO (-) de la &#8220;bobina de chispa&#8221;.<br \/>\nDesconecte el capacitor (o nombrado incorrectamente como condensador).<br \/>\nNOTA: Los platinos deben estar en PERFECTO ESTADO, en caso de mal funcionamiento reemplazarlos por un juego nuevo. Las conexiones deben estar limpias y ajustadas.<br \/>\nConecte el cable rojo (+) del encendido electronico iTC automotores al cable rojo (+) de la &#8220;bobina de chispa&#8221; (contacto).<br \/>\nConecte el cable Negro del encendido electronico iTC automotores a (-) de la bateria o chasis del automotor.<\/p>\n<p>Prueba y finalizado:<br \/>\nCompruebe visualmente que todo este bien conectado y todas las conexiones perfectamente aisladas preferentemente con termocontraible. Conecte el borne NEGATIVO de la bater\u00eda y ponga en marcha el motor, si hace falta ajuste la puesta a punto.<\/p>\n<p>IMPORTANTE: Sistemas de encendido con resistencia.<br \/>\nEn estos casos deber\u00e1 conectar la &#8220;bobina de chispa&#8221; en serie con la resistencia y el encendido electr\u00f3nico directamente a la llave de contacto como lo muestra la figura a continuaci\u00f3n.<\/p>\n","protected":false},"excerpt":{"rendered":"<p>Con el sistema de encendido electr\u00f3nico iTC automotores obtendr\u00e1 varios beneficios, lo mas dest\u00e1cale que sin reemplazar partes originales del vehiculo mejorara mucho su rendimiento, la vida \u00fatil del platino ser\u00e1 mucho mayor y no requerir\u00e1 mantenimiento alguno ni ajustes del platino y sistema.<br \/>\nCon iTC automotores obtiene una mejora incomparable del sistema de encendido y en consecuencia una mayor performance y respuesta.<\/p>\n","protected":false},"featured_media":694,"comment_status":"open","ping_status":"open","template":"","meta":[],"product_cat":[27],"product_tag":[],"class_list":{"0":"post-687","1":"product","2":"type-product","3":"status-publish","4":"has-post-thumbnail","6":"product_cat-automotor","8":"first","9":"outofstock","10":"shipping-taxable","11":"product-type-simple"},"jetpack_sharing_enabled":true,"_links":{"self":[{"href":"https:\/\/www.cmelectronica.com.ar\/tienda\/wp-json\/wp\/v2\/product\/687"}],"collection":[{"href":"https:\/\/www.cmelectronica.com.ar\/tienda\/wp-json\/wp\/v2\/product"}],"about":[{"href":"https:\/\/www.cmelectronica.com.ar\/tienda\/wp-json\/wp\/v2\/types\/product"}],"replies":[{"embeddable":true,"href":"https:\/\/www.cmelectronica.com.ar\/tienda\/wp-json\/wp\/v2\/comments?post=687"}],"wp:featuredmedia":[{"embeddable":true,"href":"https:\/\/www.cmelectronica.com.ar\/tienda\/wp-json\/wp\/v2\/media\/694"}],"wp:attachment":[{"href":"https:\/\/www.cmelectronica.com.ar\/tienda\/wp-json\/wp\/v2\/media?parent=687"}],"wp:term":[{"taxonomy":"product_cat","embeddable":true,"href":"https:\/\/www.cmelectronica.com.ar\/tienda\/wp-json\/wp\/v2\/product_cat?post=687"},{"taxonomy":"product_tag","embeddable":true,"href":"https:\/\/www.cmelectronica.com.ar\/tienda\/wp-json\/wp\/v2\/product_tag?post=687"}],"curies":[{"name":"wp","href":"https:\/\/api.w.org\/{rel}","templated":true}]}}