{"id":1082,"date":"2024-03-28T12:47:48","date_gmt":"2024-03-28T15:47:48","guid":{"rendered":"https:\/\/www.cmelectronica.com.ar\/tienda\/?post_type=product&#038;p=1082"},"modified":"2026-04-02T08:54:54","modified_gmt":"2026-04-02T11:54:54","slug":"chaleco-electrico-termico-para-moto-cuatri-atv-pesca-camping-navegacion-12v","status":"publish","type":"product","link":"https:\/\/www.cmelectronica.com.ar\/tienda\/producto\/chaleco-electrico-termico-para-moto-cuatri-atv-pesca-camping-navegacion-12v","title":{"rendered":"Chaleco El\u00e9ctrico T\u00e9rmico Para Moto, Cuatri, Atv, Pesca, Camping, Navegaci\u00f3n 12v"},"content":{"rendered":"","protected":false},"excerpt":{"rendered":"<p>Chaleco calefaccionado de alto rendimiento interno para usar en bajas temperaturas extremas tanto en moto, cuatri, atv, navegaci\u00f3n, pesca, camping etc.<br \/>\nPotencia 30w<br \/>\nAlimentaci\u00f3n: 11v a 16v<br \/>\nPotencia: 20w (1.5Amp)<br \/>\nConexi\u00f3n: plug 2.1<br \/>\nTemperatura m\u00e1xima 50 grados (depende temperatura ambiente)<br \/>\nSe puede adaptar a cualquier toma est\u00e1ndar de 12v.<br \/>\n2 talles (S-M) y (L-XL)<\/p>\n<p>Es ajustable para mayor firmeza.<br \/>\nNuestro producto brinda la calefacci\u00f3n necesaria y se distribuye muy bien el calor para utilizar por largas horas.<br \/>\nLa conexi\u00f3n es a trav\u00e9s de una ficha, se conecta y desconecta de forma f\u00e1cil, r\u00e1pida y sencilla.<br \/>\nBrindamos garant\u00eda a todos nuestros productos, ya que contamos con un taller de asistencia y estamos altamente calificados para brindar un asesoramiento adecuado a todas sus inquietudes o consultas.<br \/>\nSomos fabricantes!!!<br \/>\nTenemos varios canales de ventas, que usted puede elegir, aceptamos mercado pago en todos nuestros canales, para que pueda comprar con la misma confiabilidad.<\/p>\n","protected":false},"featured_media":1109,"comment_status":"open","ping_status":"closed","template":"","meta":[],"product_cat":[25,26],"product_tag":[],"class_list":{"0":"post-1082","1":"product","2":"type-product","3":"status-publish","4":"has-post-thumbnail","6":"product_cat-sin-categorizar","7":"product_cat-abrigo","9":"first","10":"instock","11":"sale","12":"featured","13":"shipping-taxable","14":"purchasable","15":"product-type-simple"},"jetpack_sharing_enabled":true,"_links":{"self":[{"href":"https:\/\/www.cmelectronica.com.ar\/tienda\/wp-json\/wp\/v2\/product\/1082"}],"collection":[{"href":"https:\/\/www.cmelectronica.com.ar\/tienda\/wp-json\/wp\/v2\/product"}],"about":[{"href":"https:\/\/www.cmelectronica.com.ar\/tienda\/wp-json\/wp\/v2\/types\/product"}],"replies":[{"embeddable":true,"href":"https:\/\/www.cmelectronica.com.ar\/tienda\/wp-json\/wp\/v2\/comments?post=1082"}],"wp:featuredmedia":[{"embeddable":true,"href":"https:\/\/www.cmelectronica.com.ar\/tienda\/wp-json\/wp\/v2\/media\/1109"}],"wp:attachment":[{"href":"https:\/\/www.cmelectronica.com.ar\/tienda\/wp-json\/wp\/v2\/media?parent=1082"}],"wp:term":[{"taxonomy":"product_cat","embeddable":true,"href":"https:\/\/www.cmelectronica.com.ar\/tienda\/wp-json\/wp\/v2\/product_cat?post=1082"},{"taxonomy":"product_tag","embeddable":true,"href":"https:\/\/www.cmelectronica.com.ar\/tienda\/wp-json\/wp\/v2\/product_tag?post=1082"}],"curies":[{"name":"wp","href":"https:\/\/api.w.org\/{rel}","templated":true}]}}