{"id":1019,"date":"2022-10-15T15:22:21","date_gmt":"2022-10-15T18:22:21","guid":{"rendered":"https:\/\/www.cmelectronica.com.ar\/tienda\/?post_type=product&#038;p=1019"},"modified":"2025-06-30T16:28:21","modified_gmt":"2025-06-30T19:28:21","slug":"almohadilla-calefactora-de-ropa","status":"publish","type":"product","link":"https:\/\/www.cmelectronica.com.ar\/tienda\/producto\/almohadilla-calefactora-de-ropa","title":{"rendered":"Almohadilla calefactora de ropa"},"content":{"rendered":"","protected":false},"excerpt":{"rendered":"<p>Descripci\u00f3n del producto:<\/p>\n<p>Material: hilo de algod\u00f3n de calentamiento de fibra de carbono<\/p>\n<p>Dimensiones: 12&#215;8 cm\/4,7 pulgadas x 3,4 pulgadas<\/p>\n<p>Grosor (5 piezas): 2 (mm)<\/p>\n<p>Grosor (8 piezas): 1 (mm)<\/p>\n<p>Cantidad: 8 unids\/set<\/p>\n<p>Voltaje nominal: 5V<\/p>\n<p>Potencia nominal: 8W<\/p>\n<p>Resistencia a la temperatura ambiente (5 piezas): 15 (\u03a9)<\/p>\n<p>Resistencia a la temperatura ambiente (8 piezas): 2,5 (\u03a9)<\/p>\n<p>Caracter\u00edsticas:<\/p>\n<p>1. Uso: Mantenga presionado el bot\u00f3n durante 3 segundos para encender la m\u00e1quina. Cuando la temperatura es alta, la salida ser\u00e1 de voltaje 100%-la luz roja estar\u00e1 encendida. Despu\u00e9s de 5 minutos, volver\u00e1 autom\u00e1ticamente a la temperatura media, la luz verde se encender\u00e1. Presione el bot\u00f3n para controlar el aumento de temperatura-medio-bajo. Mantenga presionado el bot\u00f3n durante 3 segundos para apagar.<\/p>\n<p>2. F\u00e1cil de usar. Puede usar una fuente de alimentaci\u00f3n de 5V 2A para ponerla directamente en chaquetas, chalecos y otras prendas de ropa para calefacci\u00f3n y calefacci\u00f3n, como computadoras, adaptadores de corriente o bancos de energ\u00eda (no incluidos).<\/p>\n<p>3. \u00c1reas de aplicaci\u00f3n: ropa, chalecos, cintura, abdomen, mascotas, etc. Evite usar el cable de calefacci\u00f3n central al coser. La temperatura m\u00e1xima es de 55 grados Celsius (131 grados Fahrenheit).<\/p>\n<p>Plegable, resistente al agua hasta cierto grado, calentado uniformemente y lavable, pero NO sumerja en agua durante mucho tiempo (pegue la tela juntos. El remojo a largo plazo afectar\u00e1 a la fuerza adhesiva)<\/p>\n<p>4. Ligero y port\u00e1til, c\u00f3modo de llevar al acampar u otras actividades en invierno. Tambi\u00e9n se aplica a las personas que tienen miedo al fr\u00edo, ya no se preocupe por el invierno.<\/p>\n","protected":false},"featured_media":1020,"comment_status":"open","ping_status":"closed","template":"","meta":[],"product_cat":[26,28],"product_tag":[],"class_list":{"0":"post-1019","1":"product","2":"type-product","3":"status-publish","4":"has-post-thumbnail","6":"product_cat-abrigo","7":"product_cat-motocicleta","9":"first","10":"instock","11":"shipping-taxable","12":"purchasable","13":"product-type-simple"},"jetpack_sharing_enabled":true,"_links":{"self":[{"href":"https:\/\/www.cmelectronica.com.ar\/tienda\/wp-json\/wp\/v2\/product\/1019"}],"collection":[{"href":"https:\/\/www.cmelectronica.com.ar\/tienda\/wp-json\/wp\/v2\/product"}],"about":[{"href":"https:\/\/www.cmelectronica.com.ar\/tienda\/wp-json\/wp\/v2\/types\/product"}],"replies":[{"embeddable":true,"href":"https:\/\/www.cmelectronica.com.ar\/tienda\/wp-json\/wp\/v2\/comments?post=1019"}],"wp:featuredmedia":[{"embeddable":true,"href":"https:\/\/www.cmelectronica.com.ar\/tienda\/wp-json\/wp\/v2\/media\/1020"}],"wp:attachment":[{"href":"https:\/\/www.cmelectronica.com.ar\/tienda\/wp-json\/wp\/v2\/media?parent=1019"}],"wp:term":[{"taxonomy":"product_cat","embeddable":true,"href":"https:\/\/www.cmelectronica.com.ar\/tienda\/wp-json\/wp\/v2\/product_cat?post=1019"},{"taxonomy":"product_tag","embeddable":true,"href":"https:\/\/www.cmelectronica.com.ar\/tienda\/wp-json\/wp\/v2\/product_tag?post=1019"}],"curies":[{"name":"wp","href":"https:\/\/api.w.org\/{rel}","templated":true}]}}